{"id":10,"date":"2026-03-10T11:53:40","date_gmt":"2026-03-10T11:53:40","guid":{"rendered":"https:\/\/designg3.at\/Riegler\/?page_id=10"},"modified":"2026-03-10T13:19:57","modified_gmt":"2026-03-10T13:19:57","slug":"startseite","status":"publish","type":"page","link":"https:\/\/designg3.at\/Riegler\/","title":{"rendered":"Startseite"},"content":{"rendered":"\t\t<div data-elementor-type=\"wp-page\" data-elementor-id=\"10\" class=\"elementor elementor-10\" data-elementor-post-type=\"page\">\n\t\t\t\t<div class=\"elementor-element elementor-element-b1e4310 e-con-full e-flex e-con e-parent\" data-id=\"b1e4310\" data-element_type=\"container\" data-e-type=\"container\" data-settings=\"{&quot;background_background&quot;:&quot;classic&quot;}\">\n\t\t\t\t<\/div>\n\t\t<div class=\"elementor-element elementor-element-2b7b81f e-flex e-con-boxed e-con e-parent\" data-id=\"2b7b81f\" data-element_type=\"container\" data-e-type=\"container\">\n\t\t\t\t\t<div class=\"e-con-inner\">\n\t\t\t\t<div class=\"elementor-element elementor-element-8ab961a elementor-widget elementor-widget-text-editor\" data-id=\"8ab961a\" data-element_type=\"widget\" data-e-type=\"widget\" data-widget_type=\"text-editor.default\">\n\t\t\t\t\t\t\t\t\t<p>Die Firma\u00a0<strong>RIEGLER Holzschl\u00e4gerungen GmbH<\/strong>\u00a0\u00a0ist ein \u00f6sterreichweit t\u00e4tiges Unternehmen und besch\u00e4ftigt mittlerweile 20 Mitarbeiter.\u00a0Die Gr\u00fcndung erfolgte\u00a0im Jahr 2003. Seither\u00a0bieten wir ein Rundum-Paket im Bereich\u00a0<a title=\"Holzschl\u00e4gerungen\" href=\"https:\/\/www.riegler-holzschlaegerungen.at\/holzschl%C3%A4gerungen\/\">Waldbewirtschaftung<\/a>\u00a0an.\u00a0Unser geschultes\u00a0<a title=\"\u00dcber Uns\" href=\"https:\/\/www.riegler-holzschlaegerungen.at\/%C3%BCber-uns\/\">Team<\/a>\u00a0steht ihnen gerne zur Seite. Die Verlegung des Betriebsstandortes und die Erweiterung des Betriebes durch eine Tankstelle mit Waschanlage haben sich bestens bew\u00e4hrt.<\/p>\t\t\t\t\t\t\t\t<\/div>\n\t\t\t\t\t<\/div>\n\t\t\t\t<\/div>\n\t\t<div class=\"elementor-element elementor-element-580c963 e-flex e-con-boxed e-con e-parent\" data-id=\"580c963\" data-element_type=\"container\" data-e-type=\"container\">\n\t\t\t\t\t<div class=\"e-con-inner\">\n\t\t\t\t<div class=\"elementor-element elementor-element-1b836aa elementor-widget-divider--view-line elementor-widget elementor-widget-divider\" data-id=\"1b836aa\" data-element_type=\"widget\" data-e-type=\"widget\" data-widget_type=\"divider.default\">\n\t\t\t\t\t\t\t<div class=\"elementor-divider\">\n\t\t\t<span class=\"elementor-divider-separator\">\n\t\t\t\t\t\t<\/span>\n\t\t<\/div>\n\t\t\t\t\t\t<\/div>\n\t\t\t\t<div class=\"elementor-element elementor-element-0e4d290 elementor-widget elementor-widget-heading\" data-id=\"0e4d290\" data-element_type=\"widget\" data-e-type=\"widget\" data-widget_type=\"heading.default\">\n\t\t\t\t\t<h2 class=\"elementor-heading-title elementor-size-default\">UMDENKEN - VORDENKEN - WEITERENTWICKELN - HANDELN\n<\/h2>\t\t\t\t<\/div>\n\t\t\t\t\t<\/div>\n\t\t\t\t<\/div>\n\t\t<div class=\"elementor-element elementor-element-d1b655e e-flex e-con-boxed e-con e-parent\" data-id=\"d1b655e\" data-element_type=\"container\" data-e-type=\"container\">\n\t\t\t\t\t<div class=\"e-con-inner\">\n\t\t\t\t<div class=\"elementor-element elementor-element-b3b74b2 elementor-widget-divider--view-line elementor-widget elementor-widget-divider\" data-id=\"b3b74b2\" data-element_type=\"widget\" data-e-type=\"widget\" data-widget_type=\"divider.default\">\n\t\t\t\t\t\t\t<div class=\"elementor-divider\">\n\t\t\t<span class=\"elementor-divider-separator\">\n\t\t\t\t\t\t<\/span>\n\t\t<\/div>\n\t\t\t\t\t\t<\/div>\n\t\t\t\t\t<\/div>\n\t\t\t\t<\/div>\n\t\t<div class=\"elementor-element elementor-element-0561beb e-flex e-con-boxed e-con e-parent\" data-id=\"0561beb\" data-element_type=\"container\" data-e-type=\"container\">\n\t\t\t\t\t<div class=\"e-con-inner\">\n\t\t\t\t<div class=\"elementor-element elementor-element-dd14c46 elementor-widget elementor-widget-html\" data-id=\"dd14c46\" data-element_type=\"widget\" data-e-type=\"widget\" data-widget_type=\"html.default\">\n\t\t\t\t\t<!DOCTYPE html>\r\n<html lang=\"de\">\r\n<head>\r\n<meta charset=\"UTF-8\">\r\n<meta name=\"viewport\" content=\"width=device-width, initial-scale=1.0\">\r\n<title>Leistungen Boxen<\/title>\r\n\r\n<style>\r\nbody{\r\n    margin:0;\r\n    font-family: Arial, Helvetica, sans-serif;\r\n    background:#f3efe9;\r\n}\r\n\r\n.section-boxen{\r\n    max-width:1200px;\r\n    margin:0 auto;\r\n    padding:28px 18px 40px;\r\n    display:flex;\r\n    flex-wrap:wrap;\r\n    gap:34px;\r\n    box-sizing:border-box;\r\n}\r\n\r\n.box{\r\n    flex:1 1 calc(33.333% - 23px);\r\n    min-width:0;\r\n}\r\n\r\n.box-image-link{\r\n    display:block;\r\n    text-decoration:none;\r\n}\r\n\r\n.box img{\r\n    width:100%;\r\n    height:182px;\r\n    object-fit:cover;\r\n    object-position:center;\r\n    filter:grayscale(100%);\r\n    display:block;\r\n}\r\n\r\n.box h3{\r\n    color:#A34C19;\r\n    font-size:20px;\r\n    line-height:1.2;\r\n    letter-spacing:1.8px;\r\n    font-weight:500;\r\n    margin:24px 0 14px;\r\n}\r\n\r\n.box p{\r\n    color:#4a4a4a;\r\n    font-size:15px;\r\n    line-height:1.58;\r\n    margin:0;\r\n}\r\n\r\n.box strong{\r\n    font-weight:700;\r\n}\r\n\r\n.btn-wrap{\r\n    margin-top:22px;\r\n}\r\n\r\n.btn{\r\n    display:inline-block;\r\n    min-width:142px;\r\n    text-align:center;\r\n    padding:12px 22px;\r\n    border:2px solid #A34C19;\r\n    color:#A34C19;\r\n    text-decoration:none;\r\n    font-size:14px;\r\n    line-height:1;\r\n    letter-spacing:0.3px;\r\n    background:transparent;\r\n    box-sizing:border-box;\r\n    transition:all .2s ease;\r\n}\r\n\r\n.btn:hover{\r\n    background:#A34C19;\r\n    color:#fff;\r\n}\r\n\r\n\/* Tablet *\/\r\n@media (max-width: 980px){\r\n    .section-boxen{\r\n        gap:28px;\r\n    }\r\n\r\n    .box{\r\n        flex:1 1 calc(50% - 14px);\r\n    }\r\n\r\n    .box img{\r\n        height:190px;\r\n    }\r\n}\r\n\r\n\/* Mobile *\/\r\n@media (max-width: 640px){\r\n    .section-boxen{\r\n        padding:22px 16px 32px;\r\n        gap:26px;\r\n    }\r\n\r\n    .box{\r\n        flex:1 1 100%;\r\n    }\r\n\r\n    .box img{\r\n        height:auto;\r\n        aspect-ratio: 16 \/ 9;\r\n    }\r\n\r\n    .box h3{\r\n        font-size:18px;\r\n        letter-spacing:1.4px;\r\n        margin:18px 0 10px;\r\n    }\r\n\r\n    .box p{\r\n        font-size:15px;\r\n        line-height:1.55;\r\n    }\r\n\r\n    .btn-wrap{\r\n        margin-top:18px;\r\n    }\r\n\r\n    .btn{\r\n        width:100%;\r\n        min-width:0;\r\n        padding:14px 18px;\r\n    }\r\n}\r\n<\/style>\r\n<\/head>\r\n<body>\r\n\r\n<div class=\"section-boxen\">\r\n\r\n    <div class=\"box\">\r\n        <a class=\"box-image-link\" href=\"https:\/\/designg3.at\/Riegler\">\r\n            <img decoding=\"async\" src=\"https:\/\/designg3.at\/Riegler\/wp-content\/uploads\/2026\/03\/image-1-1.jpg\" alt=\"Holzschl\u00e4gerungen\">\r\n        <\/a>\r\n        <h3>HOLZSCHL\u00c4GERUNGEN<\/h3>\r\n        <p>\r\n            <strong>Unser Leistungsangebot umfasst die Aufforstung, Waldpflege, Transport,\r\n            Schl\u00e4gerungen und Holzvermarktung.<\/strong> Dabei haben Umweltfragen immer\r\n            einen wichtigen Stellenwert.\r\n        <\/p>\r\n        <div class=\"btn-wrap\">\r\n            <a class=\"btn\" href=\"#\">mehr erfahren<\/a>\r\n        <\/div>\r\n    <\/div>\r\n\r\n    <div class=\"box\">\r\n        <a class=\"box-image-link\" href=\"https:\/\/designg3.at\/Riegler\">\r\n            <img decoding=\"async\" src=\"https:\/\/designg3.at\/Riegler\/wp-content\/uploads\/2026\/03\/image-5-1.jpg\" alt=\"Tankstelle\">\r\n        <\/a>\r\n        <h3>TANKSTELLE<\/h3>\r\n        <p>\r\n            Die Tankstelle wird in Kooperation mit der Firma Petschl-Transporte betrieben.\r\n            <strong>Zur Verf\u00fcgung stehen Diesel, Bio-Diesel und Ad-Blue.<\/strong>\r\n        <\/p>\r\n        <div class=\"btn-wrap\">\r\n            <a class=\"btn\" href=\"#\">mehr erfahren<\/a>\r\n        <\/div>\r\n    <\/div>\r\n\r\n    <div class=\"box\">\r\n        <a class=\"box-image-link\" href=\"https:\/\/designg3.at\/Riegler\">\r\n            <img decoding=\"async\" src=\"https:\/\/designg3.at\/Riegler\/wp-content\/uploads\/2026\/03\/image-7.jpg\" alt=\"Waschanlage\">\r\n        <\/a>\r\n        <h3>WASCHANLAGE<\/h3>\r\n        <p>\r\n            <strong>5 Waschprogramme und eine Staubsaugeranlage<\/strong> stehen zur Verf\u00fcgung.\r\n            Waschanlage f\u00fcr LKW\u00b4s und PKW\u00b4s.\r\n        <\/p>\r\n        <div class=\"btn-wrap\">\r\n            <a class=\"btn\" href=\"#\">mehr erfahren<\/a>\r\n        <\/div>\r\n    <\/div>\r\n\r\n<\/div>\r\n\r\n<\/body>\r\n<\/html>\t\t\t\t<\/div>\n\t\t\t\t\t<\/div>\n\t\t\t\t<\/div>\n\t\t\t\t<\/div>\n\t\t","protected":false},"excerpt":{"rendered":"<p>Die Firma\u00a0RIEGLER Holzschl\u00e4gerungen GmbH\u00a0\u00a0ist ein \u00f6sterreichweit t\u00e4tiges Unternehmen und besch\u00e4ftigt mittlerweile 20 Mitarbeiter.\u00a0Die Gr\u00fcndung erfolgte\u00a0im Jahr 2003. Seither\u00a0bieten wir ein Rundum-Paket im Bereich\u00a0Waldbewirtschaftung\u00a0an.\u00a0Unser geschultes\u00a0Team\u00a0steht ihnen gerne zur Seite. Die Verlegung des Betriebsstandortes und die Erweiterung des Betriebes durch eine Tankstelle mit Waschanlage haben sich bestens bew\u00e4hrt. UMDENKEN &#8211; VORDENKEN &#8211; WEITERENTWICKELN &#8211; HANDELN Leistungen Boxen [&hellip;]<\/p>\n","protected":false},"author":1,"featured_media":0,"parent":0,"menu_order":0,"comment_status":"closed","ping_status":"closed","template":"elementor_header_footer","meta":{"footnotes":""},"class_list":["post-10","page","type-page","status-publish","hentry"],"_links":{"self":[{"href":"https:\/\/designg3.at\/Riegler\/wp-json\/wp\/v2\/pages\/10","targetHints":{"allow":["GET"]}}],"collection":[{"href":"https:\/\/designg3.at\/Riegler\/wp-json\/wp\/v2\/pages"}],"about":[{"href":"https:\/\/designg3.at\/Riegler\/wp-json\/wp\/v2\/types\/page"}],"author":[{"embeddable":true,"href":"https:\/\/designg3.at\/Riegler\/wp-json\/wp\/v2\/users\/1"}],"replies":[{"embeddable":true,"href":"https:\/\/designg3.at\/Riegler\/wp-json\/wp\/v2\/comments?post=10"}],"version-history":[{"count":37,"href":"https:\/\/designg3.at\/Riegler\/wp-json\/wp\/v2\/pages\/10\/revisions"}],"predecessor-version":[{"id":93,"href":"https:\/\/designg3.at\/Riegler\/wp-json\/wp\/v2\/pages\/10\/revisions\/93"}],"wp:attachment":[{"href":"https:\/\/designg3.at\/Riegler\/wp-json\/wp\/v2\/media?parent=10"}],"curies":[{"name":"wp","href":"https:\/\/api.w.org\/{rel}","templated":true}]}}