{"id":31,"date":"2026-03-10T12:06:33","date_gmt":"2026-03-10T12:06:33","guid":{"rendered":"https:\/\/designg3.at\/Riegler\/?page_id=31"},"modified":"2026-03-10T13:45:05","modified_gmt":"2026-03-10T13:45:05","slug":"ueber-uns","status":"publish","type":"page","link":"https:\/\/designg3.at\/Riegler\/ueber-uns\/","title":{"rendered":"\u00dcber Uns"},"content":{"rendered":"\t\t<div data-elementor-type=\"wp-page\" data-elementor-id=\"31\" class=\"elementor elementor-31\" data-elementor-post-type=\"page\">\n\t\t\t\t<div class=\"elementor-element elementor-element-9a7b1fd e-flex e-con-boxed e-con e-parent\" data-id=\"9a7b1fd\" data-element_type=\"container\" data-e-type=\"container\" data-settings=\"{&quot;background_background&quot;:&quot;classic&quot;}\">\n\t\t\t\t\t<div class=\"e-con-inner\">\n\t\t\t\t\t<\/div>\n\t\t\t\t<\/div>\n\t\t<div class=\"elementor-element elementor-element-f5e29c6 e-flex e-con-boxed e-con e-parent\" data-id=\"f5e29c6\" data-element_type=\"container\" data-e-type=\"container\">\n\t\t\t\t\t<div class=\"e-con-inner\">\n\t\t\t\t<div class=\"elementor-element elementor-element-caf76ca elementor-widget elementor-widget-heading\" data-id=\"caf76ca\" data-element_type=\"widget\" data-e-type=\"widget\" data-widget_type=\"heading.default\">\n\t\t\t\t\t<h2 class=\"elementor-heading-title elementor-size-default\">EIN STARKES TEAM\n\n<\/h2>\t\t\t\t<\/div>\n\t\t\t\t\t<\/div>\n\t\t\t\t<\/div>\n\t\t<div class=\"elementor-element elementor-element-82e5000 e-flex e-con-boxed e-con e-parent\" data-id=\"82e5000\" data-element_type=\"container\" data-e-type=\"container\">\n\t\t\t\t\t<div class=\"e-con-inner\">\n\t\t\t\t<div class=\"elementor-element elementor-element-14d1da5 elementor-widget-divider--view-line elementor-widget elementor-widget-divider\" data-id=\"14d1da5\" data-element_type=\"widget\" data-e-type=\"widget\" data-widget_type=\"divider.default\">\n\t\t\t\t\t\t\t<div class=\"elementor-divider\">\n\t\t\t<span class=\"elementor-divider-separator\">\n\t\t\t\t\t\t<\/span>\n\t\t<\/div>\n\t\t\t\t\t\t<\/div>\n\t\t\t\t\t<\/div>\n\t\t\t\t<\/div>\n\t\t<div class=\"elementor-element elementor-element-d0594c9 e-flex e-con-boxed e-con e-parent\" data-id=\"d0594c9\" data-element_type=\"container\" data-e-type=\"container\">\n\t\t\t\t\t<div class=\"e-con-inner\">\n\t\t\t\t<div class=\"elementor-element elementor-element-2309992 elementor-widget elementor-widget-text-editor\" data-id=\"2309992\" data-element_type=\"widget\" data-e-type=\"widget\" data-widget_type=\"text-editor.default\">\n\t\t\t\t\t\t\t\t\t<p>Die\u00a0<span style=\"color: #a34c19;\"><strong>Firma Riegler bietet seit 2003<\/strong><\/span>\u00a0ein Rundum-Paket im Bereich der Waldbewirtschaftung an. Das Gesamtpaket reicht von Schl\u00e4gerung, Bringung, Holztransport sowie h\u00e4ndische Waldbewirtschaftung. Das auf mittlerweile 20 Mitarbeiter angewachsene Unternehmen ist bestrebt, seinen Kunden optimale Dienste zu leisten. Das Bew\u00e4hrte erhalten und das Neue versuchen \u2013 in diesem Sinne blickt man positiv und voller Tatendrang in\u00a0<span style=\"color: #a34c19;\"><strong>die Zukunft!<\/strong><\/span><\/p>\t\t\t\t\t\t\t\t<\/div>\n\t\t\t\t\t<\/div>\n\t\t\t\t<\/div>\n\t\t<div class=\"elementor-element elementor-element-cc2dec1 e-flex e-con-boxed e-con e-parent\" data-id=\"cc2dec1\" data-element_type=\"container\" data-e-type=\"container\">\n\t\t\t\t\t<div class=\"e-con-inner\">\n\t\t\t\t<div class=\"elementor-element elementor-element-62abdc5 elementor-widget elementor-widget-image\" data-id=\"62abdc5\" data-element_type=\"widget\" data-e-type=\"widget\" data-widget_type=\"image.default\">\n\t\t\t\t\t\t\t\t\t\t\t\t\t\t\t<img fetchpriority=\"high\" decoding=\"async\" width=\"719\" height=\"410\" src=\"https:\/\/designg3.at\/Riegler\/wp-content\/uploads\/2026\/03\/image-1-2.jpg\" class=\"attachment-large size-large wp-image-98\" alt=\"\" srcset=\"https:\/\/designg3.at\/Riegler\/wp-content\/uploads\/2026\/03\/image-1-2.jpg 719w, https:\/\/designg3.at\/Riegler\/wp-content\/uploads\/2026\/03\/image-1-2-300x171.jpg 300w\" sizes=\"(max-width: 719px) 100vw, 719px\" \/>\t\t\t\t\t\t\t\t\t\t\t\t\t\t\t<\/div>\n\t\t\t\t\t<\/div>\n\t\t\t\t<\/div>\n\t\t<div class=\"elementor-element elementor-element-7a1e16f e-flex e-con-boxed e-con e-parent\" data-id=\"7a1e16f\" data-element_type=\"container\" data-e-type=\"container\">\n\t\t\t\t\t<div class=\"e-con-inner\">\n\t\t\t\t<div class=\"elementor-element elementor-element-2c4df3a elementor-widget-divider--view-line elementor-widget elementor-widget-divider\" data-id=\"2c4df3a\" data-element_type=\"widget\" data-e-type=\"widget\" data-widget_type=\"divider.default\">\n\t\t\t\t\t\t\t<div class=\"elementor-divider\">\n\t\t\t<span class=\"elementor-divider-separator\">\n\t\t\t\t\t\t<\/span>\n\t\t<\/div>\n\t\t\t\t\t\t<\/div>\n\t\t\t\t\t<\/div>\n\t\t\t\t<\/div>\n\t\t<div class=\"elementor-element elementor-element-9eb5013 e-flex e-con-boxed e-con e-parent\" data-id=\"9eb5013\" data-element_type=\"container\" data-e-type=\"container\">\n\t\t\t\t\t<div class=\"e-con-inner\">\n\t\t\t\t<div class=\"elementor-element elementor-element-3727c41 elementor-widget elementor-widget-heading\" data-id=\"3727c41\" data-element_type=\"widget\" data-e-type=\"widget\" data-widget_type=\"heading.default\">\n\t\t\t\t\t<h2 class=\"elementor-heading-title elementor-size-default\">DIE UNTERNEHMER - MOTIVATION UND INNOVATION\n\n<\/h2>\t\t\t\t<\/div>\n\t\t\t\t\t<\/div>\n\t\t\t\t<\/div>\n\t\t<div class=\"elementor-element elementor-element-228ff29 e-flex e-con-boxed e-con e-parent\" data-id=\"228ff29\" data-element_type=\"container\" data-e-type=\"container\">\n\t\t\t\t\t<div class=\"e-con-inner\">\n\t\t\t\t<div class=\"elementor-element elementor-element-30323f8 elementor-widget-divider--view-line elementor-widget elementor-widget-divider\" data-id=\"30323f8\" data-element_type=\"widget\" data-e-type=\"widget\" data-widget_type=\"divider.default\">\n\t\t\t\t\t\t\t<div class=\"elementor-divider\">\n\t\t\t<span class=\"elementor-divider-separator\">\n\t\t\t\t\t\t<\/span>\n\t\t<\/div>\n\t\t\t\t\t\t<\/div>\n\t\t\t\t\t<\/div>\n\t\t\t\t<\/div>\n\t\t<div class=\"elementor-element elementor-element-1a07470 e-flex e-con-boxed e-con e-parent\" data-id=\"1a07470\" data-element_type=\"container\" data-e-type=\"container\">\n\t\t\t\t\t<div class=\"e-con-inner\">\n\t\t\t\t<div class=\"elementor-element elementor-element-e99af1f elementor-widget elementor-widget-text-editor\" data-id=\"e99af1f\" data-element_type=\"widget\" data-e-type=\"widget\" data-widget_type=\"text-editor.default\">\n\t\t\t\t\t\t\t\t\t<div id=\"cc-m-8396046775\" class=\"j-module n j-hr \">\u00a0<\/div><div id=\"cc-m-8404177275\" class=\"j-module n j-text \"><p>Was unsere Motivation ist? Ganz einfach, wir glauben daran, dass Innovation \u00fcberall und durch jedem entstehen kann. Innovationen sind f\u00fcr uns oft die kleinen Dinge, die etwas gro\u00dfes bewirken.<\/p><p>Der Firmengr\u00fcndung von Alois Riegler geht eine ungew\u00f6hnliche Geschichte voraus. Alois Riegler war Lehrlingsausbildner. \u201eDrei Wochen Kuraufenthalt im Waldviertel hatten mich davon \u00fcberzeugt, dass meine Zukunft in der Waldwirtschaft liegt. Der Rohstoff Holz hat f\u00fcr mich schon seit meiner Kindheit eine gro\u00dfe Rolle gespielt. Die intensive Auseinandersetzung mit dem Thema Waldwirtschaft machten aus einer Vision einen fixen Plan.<\/p><p>Dem Ankauf eines Harvesters stand nichts mehr im Weg. So war der Grundstein f\u00fcr den Start eines eigenen Unternehmens 2003 gelegt.<\/p><p>Seit 2013 ist jetzt auch Sohn Peter Riegler als Junior Chef mit der zus\u00e4tzlichen Konzession f\u00fcr das Transportgewerbe mit in der Firma.<\/p><p><span style=\"color: #a34c19;\"><strong>F\u00fcr Ihre Waldbewirtschaftung stehen wir Ihnen mit Rat und Tat gerne zur Verf\u00fcgung. Nehmen Sie sich Zeit f\u00fcr ein unverbindliches Beratungsgespr\u00e4ch und lernen Sie uns pers\u00f6nlich kennen!<\/strong><\/span><\/p><\/div>\t\t\t\t\t\t\t\t<\/div>\n\t\t\t\t\t<\/div>\n\t\t\t\t<\/div>\n\t\t<div class=\"elementor-element elementor-element-0084e40 e-flex e-con-boxed e-con e-parent\" data-id=\"0084e40\" data-element_type=\"container\" data-e-type=\"container\">\n\t\t\t\t\t<div class=\"e-con-inner\">\n\t\t<div class=\"elementor-element elementor-element-c5ec174 e-con-full e-flex e-con e-child\" data-id=\"c5ec174\" data-element_type=\"container\" data-e-type=\"container\">\n\t\t\t\t<div class=\"elementor-element elementor-element-344906d elementor-widget elementor-widget-image\" data-id=\"344906d\" data-element_type=\"widget\" data-e-type=\"widget\" data-widget_type=\"image.default\">\n\t\t\t\t\t\t\t\t\t\t\t\t\t\t\t<img decoding=\"async\" width=\"800\" height=\"953\" src=\"https:\/\/designg3.at\/Riegler\/wp-content\/uploads\/2026\/03\/image-11.jpg\" class=\"attachment-large size-large wp-image-103\" alt=\"\" srcset=\"https:\/\/designg3.at\/Riegler\/wp-content\/uploads\/2026\/03\/image-11.jpg 836w, https:\/\/designg3.at\/Riegler\/wp-content\/uploads\/2026\/03\/image-11-252x300.jpg 252w, https:\/\/designg3.at\/Riegler\/wp-content\/uploads\/2026\/03\/image-11-768x915.jpg 768w\" sizes=\"(max-width: 800px) 100vw, 800px\" \/>\t\t\t\t\t\t\t\t\t\t\t\t\t\t\t<\/div>\n\t\t\t\t<div class=\"elementor-element elementor-element-72c2d07 elementor-widget elementor-widget-text-editor\" data-id=\"72c2d07\" data-element_type=\"widget\" data-e-type=\"widget\" data-widget_type=\"text-editor.default\">\n\t\t\t\t\t\t\t\t\t<div class=\"cc-m-hgrid-column\"><div id=\"cc-matrix-2179351575\"><div id=\"cc-m-8404198875\" class=\"j-module n j-text \"><p>Peter und Alois Riegler<\/p><\/div><\/div><\/div>\t\t\t\t\t\t\t\t<\/div>\n\t\t\t\t<\/div>\n\t\t<div class=\"elementor-element elementor-element-98d8915 e-con-full e-flex e-con e-child\" data-id=\"98d8915\" data-element_type=\"container\" data-e-type=\"container\">\n\t\t\t\t<div class=\"elementor-element elementor-element-adbe13f elementor-widget elementor-widget-image\" data-id=\"adbe13f\" data-element_type=\"widget\" data-e-type=\"widget\" data-widget_type=\"image.default\">\n\t\t\t\t\t\t\t\t\t\t\t\t\t\t\t<img decoding=\"async\" width=\"640\" height=\"763\" src=\"https:\/\/designg3.at\/Riegler\/wp-content\/uploads\/2026\/03\/image-4.png\" class=\"attachment-large size-large wp-image-102\" alt=\"\" srcset=\"https:\/\/designg3.at\/Riegler\/wp-content\/uploads\/2026\/03\/image-4.png 640w, https:\/\/designg3.at\/Riegler\/wp-content\/uploads\/2026\/03\/image-4-252x300.png 252w\" sizes=\"(max-width: 640px) 100vw, 640px\" \/>\t\t\t\t\t\t\t\t\t\t\t\t\t\t\t<\/div>\n\t\t\t\t<div class=\"elementor-element elementor-element-fb7f11b elementor-widget elementor-widget-text-editor\" data-id=\"fb7f11b\" data-element_type=\"widget\" data-e-type=\"widget\" data-widget_type=\"text-editor.default\">\n\t\t\t\t\t\t\t\t\t<div class=\"cc-m-hgrid-column last\"><div id=\"cc-matrix-2179351675\"><div id=\"cc-m-8394745575\" class=\"j-module n j-text \"><p>Familie Riegler<\/p><\/div><\/div><\/div>\t\t\t\t\t\t\t\t<\/div>\n\t\t\t\t<\/div>\n\t\t\t\t\t<\/div>\n\t\t\t\t<\/div>\n\t\t<div class=\"elementor-element elementor-element-bd52922 e-flex e-con-boxed e-con e-parent\" data-id=\"bd52922\" data-element_type=\"container\" data-e-type=\"container\">\n\t\t\t\t\t<div class=\"e-con-inner\">\n\t\t\t\t<div class=\"elementor-element elementor-element-209dc74 elementor-widget-divider--view-line elementor-widget elementor-widget-divider\" data-id=\"209dc74\" data-element_type=\"widget\" data-e-type=\"widget\" data-widget_type=\"divider.default\">\n\t\t\t\t\t\t\t<div class=\"elementor-divider\">\n\t\t\t<span class=\"elementor-divider-separator\">\n\t\t\t\t\t\t<\/span>\n\t\t<\/div>\n\t\t\t\t\t\t<\/div>\n\t\t\t\t\t<\/div>\n\t\t\t\t<\/div>\n\t\t<div class=\"elementor-element elementor-element-4109f51 e-flex e-con-boxed e-con e-parent\" data-id=\"4109f51\" data-element_type=\"container\" data-e-type=\"container\">\n\t\t\t\t\t<div class=\"e-con-inner\">\n\t\t<div class=\"elementor-element elementor-element-fbfe9b9 e-con-full e-flex e-con e-child\" data-id=\"fbfe9b9\" data-element_type=\"container\" data-e-type=\"container\">\n\t\t\t\t<div class=\"elementor-element elementor-element-cde7840 elementor-widget elementor-widget-heading\" data-id=\"cde7840\" data-element_type=\"widget\" data-e-type=\"widget\" data-widget_type=\"heading.default\">\n\t\t\t\t\t<h2 class=\"elementor-heading-title elementor-size-default\">UNSERE PHILOSOPHIE\n<\/h2>\t\t\t\t<\/div>\n\t\t\t\t<\/div>\n\t\t<div class=\"elementor-element elementor-element-407a70f e-con-full e-flex e-con e-child\" data-id=\"407a70f\" data-element_type=\"container\" data-e-type=\"container\">\n\t\t\t\t<div class=\"elementor-element elementor-element-c987edc elementor-widget elementor-widget-text-editor\" data-id=\"c987edc\" data-element_type=\"widget\" data-e-type=\"widget\" data-widget_type=\"text-editor.default\">\n\t\t\t\t\t\t\t\t\t<p>Die Unternehmensf\u00fchrung ist bestrebt,\u00a0<span style=\"color: #a34c19;\"><strong>GEMEINSAM<\/strong><\/span>\u00a0mit den Mitarbeitern ein erfolgreiches Team zu bilden, in dem&#8230;<\/p><ul><li>Engagement<\/li><li>Verl\u00e4sslichkeit<\/li><li>Ehrlichkeit und<\/li><li>Verantwortungsbewusstsein&#8230;<\/li><\/ul><p>\u00a0ein gro\u00dfer Stellenwert zugeschrieben wird.<\/p>\t\t\t\t\t\t\t\t<\/div>\n\t\t\t\t<\/div>\n\t\t\t\t\t<\/div>\n\t\t\t\t<\/div>\n\t\t<div class=\"elementor-element elementor-element-bc060d9 e-flex e-con-boxed e-con e-parent\" data-id=\"bc060d9\" data-element_type=\"container\" data-e-type=\"container\">\n\t\t\t\t\t<div class=\"e-con-inner\">\n\t\t\t\t<div class=\"elementor-element elementor-element-9e140ba elementor-widget-divider--view-line elementor-widget elementor-widget-divider\" data-id=\"9e140ba\" data-element_type=\"widget\" data-e-type=\"widget\" data-widget_type=\"divider.default\">\n\t\t\t\t\t\t\t<div class=\"elementor-divider\">\n\t\t\t<span class=\"elementor-divider-separator\">\n\t\t\t\t\t\t<\/span>\n\t\t<\/div>\n\t\t\t\t\t\t<\/div>\n\t\t\t\t\t<\/div>\n\t\t\t\t<\/div>\n\t\t<div class=\"elementor-element elementor-element-a38620f e-flex e-con-boxed e-con e-parent\" data-id=\"a38620f\" data-element_type=\"container\" data-e-type=\"container\">\n\t\t\t\t\t<div class=\"e-con-inner\">\n\t\t<div class=\"elementor-element elementor-element-cd09dc7 e-con-full e-flex e-con e-child\" data-id=\"cd09dc7\" data-element_type=\"container\" data-e-type=\"container\">\n\t\t\t\t<div class=\"elementor-element elementor-element-951abea elementor-widget elementor-widget-heading\" data-id=\"951abea\" data-element_type=\"widget\" data-e-type=\"widget\" data-widget_type=\"heading.default\">\n\t\t\t\t\t<h2 class=\"elementor-heading-title elementor-size-default\">UNSERE MISSION<\/h2>\t\t\t\t<\/div>\n\t\t\t\t<\/div>\n\t\t<div class=\"elementor-element elementor-element-bceab09 e-con-full e-flex e-con e-child\" data-id=\"bceab09\" data-element_type=\"container\" data-e-type=\"container\">\n\t\t\t\t<div class=\"elementor-element elementor-element-0bb0bd3 elementor-widget elementor-widget-heading\" data-id=\"0bb0bd3\" data-element_type=\"widget\" data-e-type=\"widget\" data-widget_type=\"heading.default\">\n\t\t\t\t\t<h2 class=\"elementor-heading-title elementor-size-default\">BEW\u00c4HRTES ERHALTEN\nUND NEUES WAGEN!<\/h2>\t\t\t\t<\/div>\n\t\t\t\t<\/div>\n\t\t\t\t\t<\/div>\n\t\t\t\t<\/div>\n\t\t<div class=\"elementor-element elementor-element-fcd732e e-flex e-con-boxed e-con e-parent\" data-id=\"fcd732e\" data-element_type=\"container\" data-e-type=\"container\">\n\t\t\t\t\t<div class=\"e-con-inner\">\n\t\t\t\t<div class=\"elementor-element elementor-element-b52e089 elementor-widget-divider--view-line elementor-widget elementor-widget-divider\" data-id=\"b52e089\" data-element_type=\"widget\" data-e-type=\"widget\" data-widget_type=\"divider.default\">\n\t\t\t\t\t\t\t<div class=\"elementor-divider\">\n\t\t\t<span class=\"elementor-divider-separator\">\n\t\t\t\t\t\t<\/span>\n\t\t<\/div>\n\t\t\t\t\t\t<\/div>\n\t\t\t\t\t<\/div>\n\t\t\t\t<\/div>\n\t\t\t\t<\/div>\n\t\t","protected":false},"excerpt":{"rendered":"<p>EIN STARKES TEAM Die\u00a0Firma Riegler bietet seit 2003\u00a0ein Rundum-Paket im Bereich der Waldbewirtschaftung an. Das Gesamtpaket reicht von Schl\u00e4gerung, Bringung, Holztransport sowie h\u00e4ndische Waldbewirtschaftung. Das auf mittlerweile 20 Mitarbeiter angewachsene Unternehmen ist bestrebt, seinen Kunden optimale Dienste zu leisten. Das Bew\u00e4hrte erhalten und das Neue versuchen \u2013 in diesem Sinne blickt man positiv und voller [&hellip;]<\/p>\n","protected":false},"author":1,"featured_media":0,"parent":0,"menu_order":0,"comment_status":"closed","ping_status":"closed","template":"elementor_header_footer","meta":{"footnotes":""},"class_list":["post-31","page","type-page","status-publish","hentry"],"_links":{"self":[{"href":"https:\/\/designg3.at\/Riegler\/wp-json\/wp\/v2\/pages\/31","targetHints":{"allow":["GET"]}}],"collection":[{"href":"https:\/\/designg3.at\/Riegler\/wp-json\/wp\/v2\/pages"}],"about":[{"href":"https:\/\/designg3.at\/Riegler\/wp-json\/wp\/v2\/types\/page"}],"author":[{"embeddable":true,"href":"https:\/\/designg3.at\/Riegler\/wp-json\/wp\/v2\/users\/1"}],"replies":[{"embeddable":true,"href":"https:\/\/designg3.at\/Riegler\/wp-json\/wp\/v2\/comments?post=31"}],"version-history":[{"count":10,"href":"https:\/\/designg3.at\/Riegler\/wp-json\/wp\/v2\/pages\/31\/revisions"}],"predecessor-version":[{"id":116,"href":"https:\/\/designg3.at\/Riegler\/wp-json\/wp\/v2\/pages\/31\/revisions\/116"}],"wp:attachment":[{"href":"https:\/\/designg3.at\/Riegler\/wp-json\/wp\/v2\/media?parent=31"}],"curies":[{"name":"wp","href":"https:\/\/api.w.org\/{rel}","templated":true}]}}