{"id":33,"date":"2026-03-10T12:06:57","date_gmt":"2026-03-10T12:06:57","guid":{"rendered":"https:\/\/designg3.at\/Riegler\/?page_id=33"},"modified":"2026-03-10T14:42:31","modified_gmt":"2026-03-10T14:42:31","slug":"holzschlaegerungen","status":"publish","type":"page","link":"https:\/\/designg3.at\/Riegler\/holzschlaegerungen\/","title":{"rendered":"Holzschl\u00e4gerungen"},"content":{"rendered":"\t\t<div data-elementor-type=\"wp-page\" data-elementor-id=\"33\" class=\"elementor elementor-33\" data-elementor-post-type=\"page\">\n\t\t\t\t<div class=\"elementor-element elementor-element-67ca85e e-flex e-con-boxed e-con e-parent\" data-id=\"67ca85e\" data-element_type=\"container\" data-e-type=\"container\" data-settings=\"{&quot;background_background&quot;:&quot;classic&quot;}\">\n\t\t\t\t\t<div class=\"e-con-inner\">\n\t\t\t\t\t<\/div>\n\t\t\t\t<\/div>\n\t\t<div class=\"elementor-element elementor-element-1bbf132 e-flex e-con-boxed e-con e-parent\" data-id=\"1bbf132\" data-element_type=\"container\" data-e-type=\"container\">\n\t\t\t\t\t<div class=\"e-con-inner\">\n\t\t\t\t<div class=\"elementor-element elementor-element-41a7eff elementor-widget elementor-widget-spacer\" data-id=\"41a7eff\" data-element_type=\"widget\" data-e-type=\"widget\" data-widget_type=\"spacer.default\">\n\t\t\t\t\t\t\t<div class=\"elementor-spacer\">\n\t\t\t<div class=\"elementor-spacer-inner\"><\/div>\n\t\t<\/div>\n\t\t\t\t\t\t<\/div>\n\t\t\t\t<div class=\"elementor-element elementor-element-62a5389 elementor-widget elementor-widget-heading\" data-id=\"62a5389\" data-element_type=\"widget\" data-e-type=\"widget\" data-widget_type=\"heading.default\">\n\t\t\t\t\t<h2 class=\"elementor-heading-title elementor-size-default\">Durchforstung - Lichtung - Endnutzung<\/h2>\t\t\t\t<\/div>\n\t\t\t\t\t<\/div>\n\t\t\t\t<\/div>\n\t\t<div class=\"elementor-element elementor-element-83b85a9 e-flex e-con-boxed e-con e-parent\" data-id=\"83b85a9\" data-element_type=\"container\" data-e-type=\"container\">\n\t\t\t\t\t<div class=\"e-con-inner\">\n\t\t\t\t<div class=\"elementor-element elementor-element-df73aaf elementor-widget-divider--view-line elementor-widget elementor-widget-divider\" data-id=\"df73aaf\" data-element_type=\"widget\" data-e-type=\"widget\" data-widget_type=\"divider.default\">\n\t\t\t\t\t\t\t<div class=\"elementor-divider\">\n\t\t\t<span class=\"elementor-divider-separator\">\n\t\t\t\t\t\t<\/span>\n\t\t<\/div>\n\t\t\t\t\t\t<\/div>\n\t\t\t\t\t<\/div>\n\t\t\t\t<\/div>\n\t\t<div class=\"elementor-element elementor-element-74b7e3a e-flex e-con-boxed e-con e-parent\" data-id=\"74b7e3a\" data-element_type=\"container\" data-e-type=\"container\">\n\t\t\t\t\t<div class=\"e-con-inner\">\n\t\t\t\t<div class=\"elementor-element elementor-element-165dd17 elementor-widget elementor-widget-text-editor\" data-id=\"165dd17\" data-element_type=\"widget\" data-e-type=\"widget\" data-widget_type=\"text-editor.default\">\n\t\t\t\t\t\t\t\t\t<p>Unsere\u00a0<span style=\"color: #a34c19;\">Angebotspalette<\/span> erstreckt sich vom Einsatz unserer Harvester in jeder Holzst\u00e4rke durch<span style=\"color: #a34c19;\"> verschiedene Maschinengr\u00f6\u00dfen (6 St\u00fcck 8 Rad Harvester, 6 St\u00fcck Forwarder)\u00a0<\/span>bis hin zu Arbeiten in steilen Gel\u00e4nde. Bei unwegsamen Gel\u00e4nde stehen 4 Harvester mit Traktionswinde, 3 Forwarder ebenso mit Traktionswine, sowie 2 mobile T-Winch zur Verf\u00fcgung. Zus\u00e4tzlich leisten noch 2 Schlepper, die jeweils mit einer 16 Tonnen Winde ausgestattet sind beste Dienste.<\/p>\t\t\t\t\t\t\t\t<\/div>\n\t\t\t\t\t<\/div>\n\t\t\t\t<\/div>\n\t\t<div class=\"elementor-element elementor-element-fa80b7a e-flex e-con-boxed e-con e-parent\" data-id=\"fa80b7a\" data-element_type=\"container\" data-e-type=\"container\">\n\t\t\t\t\t<div class=\"e-con-inner\">\n\t\t\t\t<div class=\"elementor-element elementor-element-e0b0864 elementor-widget-divider--view-line elementor-widget elementor-widget-divider\" data-id=\"e0b0864\" data-element_type=\"widget\" data-e-type=\"widget\" data-widget_type=\"divider.default\">\n\t\t\t\t\t\t\t<div class=\"elementor-divider\">\n\t\t\t<span class=\"elementor-divider-separator\">\n\t\t\t\t\t\t<\/span>\n\t\t<\/div>\n\t\t\t\t\t\t<\/div>\n\t\t\t\t\t<\/div>\n\t\t\t\t<\/div>\n\t\t<div class=\"elementor-element elementor-element-60a4af2 e-flex e-con-boxed e-con e-parent\" data-id=\"60a4af2\" data-element_type=\"container\" data-e-type=\"container\">\n\t\t\t\t\t<div class=\"e-con-inner\">\n\t\t\t\t<div class=\"elementor-element elementor-element-d525f1f elementor-widget elementor-widget-text-editor\" data-id=\"d525f1f\" data-element_type=\"widget\" data-e-type=\"widget\" data-widget_type=\"text-editor.default\">\n\t\t\t\t\t\t\t\t\t<div class=\"cc-m-hgrid-column\"><div id=\"cc-matrix-2170355275\"><div id=\"cc-m-8369238475\" class=\"j-module n j-text \"><p>Um die Bodenverdichtung und Wurzelsch\u00e4den m\u00f6glichst gering zu halten und auch Feuchtgebiete bearbeitet zu k\u00f6nnen, sind unsere Fahrzeuge je nach Bodenbeschaffenheit mit besonderen Reifen oder Moorb\u00e4ndern ausgestattet.<br \/>Um unser Gesamtpaket abzurunden stehen noch 2 Holztransporter und ein LKW- f\u00fcr \u00dcberstellungs-arbeiten zur Verf\u00fcgung.<\/p><\/div><\/div><\/div><div class=\"cc-m-hgrid-separator\" data-display=\"cms-only\"><div>\u00a0<\/div><\/div><div class=\"cc-m-hgrid-column last\"><div id=\"cc-matrix-2170355375\"><div id=\"cc-m-8369240475\" class=\"j-module n j-text \"><p>Dieses Gesamtpaket von Schl\u00e4gerung, Bringung, Holzhandel und Holztransport sowie h\u00e4ndische Waldbewirtschaftung bietet die Firma Riegler Holzschl\u00e4gerungen GmbH seit 2003 an. Die Verlegung des Betriebsstandortes nach Neudorf\u00a0 36 \u201ePABLICK\u201c wo eine Werkst\u00e4tte mit 1400m\u00b2 Fl\u00e4che zur Verf\u00fcgung steht, sowie die Erweiterung des Betriebes durch eine Tankstelle und Waschanlage haben sich bestens bew\u00e4hrt.<\/p><\/div><\/div><\/div>\t\t\t\t\t\t\t\t<\/div>\n\t\t\t\t\t<\/div>\n\t\t\t\t<\/div>\n\t\t<div class=\"elementor-element elementor-element-7663c21 e-flex e-con-boxed e-con e-parent\" data-id=\"7663c21\" data-element_type=\"container\" data-e-type=\"container\">\n\t\t\t\t\t<div class=\"e-con-inner\">\n\t\t\t\t<div class=\"elementor-element elementor-element-e99cf41 elementor-widget-divider--view-line elementor-widget elementor-widget-divider\" data-id=\"e99cf41\" data-element_type=\"widget\" data-e-type=\"widget\" data-widget_type=\"divider.default\">\n\t\t\t\t\t\t\t<div class=\"elementor-divider\">\n\t\t\t<span class=\"elementor-divider-separator\">\n\t\t\t\t\t\t<\/span>\n\t\t<\/div>\n\t\t\t\t\t\t<\/div>\n\t\t\t\t\t<\/div>\n\t\t\t\t<\/div>\n\t\t<div class=\"elementor-element elementor-element-9903a8d e-flex e-con-boxed e-con e-parent\" data-id=\"9903a8d\" data-element_type=\"container\" data-e-type=\"container\">\n\t\t\t\t\t<div class=\"e-con-inner\">\n\t\t<div class=\"elementor-element elementor-element-cd808ac e-con-full e-flex e-con e-child\" data-id=\"cd808ac\" data-element_type=\"container\" data-e-type=\"container\">\n\t\t\t\t<div class=\"elementor-element elementor-element-68187a7 elementor-widget elementor-widget-video\" data-id=\"68187a7\" data-element_type=\"widget\" data-e-type=\"widget\" data-settings=\"{&quot;youtube_url&quot;:&quot;https:\\\/\\\/www.youtube.com\\\/watch?v=vb3P4ZcVZYw&quot;,&quot;video_type&quot;:&quot;youtube&quot;,&quot;controls&quot;:&quot;yes&quot;}\" data-widget_type=\"video.default\">\n\t\t\t\t\t\t\t<div class=\"elementor-wrapper elementor-open-inline\">\n\t\t\t<div class=\"elementor-video\"><\/div>\t\t<\/div>\n\t\t\t\t\t\t<\/div>\n\t\t\t\t<div class=\"elementor-element elementor-element-3d3dce9 elementor-widget elementor-widget-video\" data-id=\"3d3dce9\" data-element_type=\"widget\" data-e-type=\"widget\" data-settings=\"{&quot;youtube_url&quot;:&quot;https:\\\/\\\/www.youtube.com\\\/watch?v=7SuNK3YH1ic&quot;,&quot;video_type&quot;:&quot;youtube&quot;,&quot;controls&quot;:&quot;yes&quot;}\" data-widget_type=\"video.default\">\n\t\t\t\t\t\t\t<div class=\"elementor-wrapper elementor-open-inline\">\n\t\t\t<div class=\"elementor-video\"><\/div>\t\t<\/div>\n\t\t\t\t\t\t<\/div>\n\t\t\t\t<\/div>\n\t\t<div class=\"elementor-element elementor-element-e5e0039 e-con-full e-flex e-con e-child\" data-id=\"e5e0039\" data-element_type=\"container\" data-e-type=\"container\">\n\t\t\t\t<div class=\"elementor-element elementor-element-71ed176 elementor-widget elementor-widget-video\" data-id=\"71ed176\" data-element_type=\"widget\" data-e-type=\"widget\" data-settings=\"{&quot;youtube_url&quot;:&quot;https:\\\/\\\/www.youtube.com\\\/watch?v=kKR34PUyDeM&quot;,&quot;video_type&quot;:&quot;youtube&quot;,&quot;controls&quot;:&quot;yes&quot;}\" data-widget_type=\"video.default\">\n\t\t\t\t\t\t\t<div class=\"elementor-wrapper elementor-open-inline\">\n\t\t\t<div class=\"elementor-video\"><\/div>\t\t<\/div>\n\t\t\t\t\t\t<\/div>\n\t\t\t\t<div class=\"elementor-element elementor-element-5c2cca3 elementor-widget elementor-widget-video\" data-id=\"5c2cca3\" data-element_type=\"widget\" data-e-type=\"widget\" data-settings=\"{&quot;youtube_url&quot;:&quot;https:\\\/\\\/www.youtube.com\\\/watch?v=5GDih5jrVqE&quot;,&quot;video_type&quot;:&quot;youtube&quot;,&quot;controls&quot;:&quot;yes&quot;}\" data-widget_type=\"video.default\">\n\t\t\t\t\t\t\t<div class=\"elementor-wrapper elementor-open-inline\">\n\t\t\t<div class=\"elementor-video\"><\/div>\t\t<\/div>\n\t\t\t\t\t\t<\/div>\n\t\t\t\t<\/div>\n\t\t\t\t\t<\/div>\n\t\t\t\t<\/div>\n\t\t<div class=\"elementor-element elementor-element-c3e5991 e-flex e-con-boxed e-con e-parent\" data-id=\"c3e5991\" data-element_type=\"container\" data-e-type=\"container\">\n\t\t\t\t\t<div class=\"e-con-inner\">\n\t\t\t\t<div class=\"elementor-element elementor-element-ede87cb elementor-widget-divider--view-line elementor-widget elementor-widget-divider\" data-id=\"ede87cb\" data-element_type=\"widget\" data-e-type=\"widget\" data-widget_type=\"divider.default\">\n\t\t\t\t\t\t\t<div class=\"elementor-divider\">\n\t\t\t<span class=\"elementor-divider-separator\">\n\t\t\t\t\t\t<\/span>\n\t\t<\/div>\n\t\t\t\t\t\t<\/div>\n\t\t\t\t\t<\/div>\n\t\t\t\t<\/div>\n\t\t<div class=\"elementor-element elementor-element-961136b e-flex e-con-boxed e-con e-parent\" data-id=\"961136b\" data-element_type=\"container\" data-e-type=\"container\">\n\t\t\t\t\t<div class=\"e-con-inner\">\n\t\t\t\t<div class=\"elementor-element elementor-element-9b25d2d elementor-widget elementor-widget-heading\" data-id=\"9b25d2d\" data-element_type=\"widget\" data-e-type=\"widget\" data-widget_type=\"heading.default\">\n\t\t\t\t\t<h2 class=\"elementor-heading-title elementor-size-default\">Zertifizierter Betrieb\n<\/h2>\t\t\t\t<\/div>\n\t\t\t\t\t<\/div>\n\t\t\t\t<\/div>\n\t\t<div class=\"elementor-element elementor-element-2830475 e-flex e-con-boxed e-con e-parent\" data-id=\"2830475\" data-element_type=\"container\" data-e-type=\"container\">\n\t\t\t\t\t<div class=\"e-con-inner\">\n\t\t\t\t<div class=\"elementor-element elementor-element-724e2c2 elementor-widget elementor-widget-text-editor\" data-id=\"724e2c2\" data-element_type=\"widget\" data-e-type=\"widget\" data-widget_type=\"text-editor.default\">\n\t\t\t\t\t\t\t\t\t<div id=\"cc-m-9127152375\" class=\"j-module n j-text \"><p>Die Zertifizierung umfasst die Dienstleistungsbereiche: HOLZERNTE, HOLZR\u00dcCKUNG UND WALDPFLEGE<\/p><\/div>\t\t\t\t\t\t\t\t<\/div>\n\t\t\t\t\t<\/div>\n\t\t\t\t<\/div>\n\t\t<div class=\"elementor-element elementor-element-321ca71 e-flex e-con-boxed e-con e-parent\" data-id=\"321ca71\" data-element_type=\"container\" data-e-type=\"container\">\n\t\t\t\t\t<div class=\"e-con-inner\">\n\t\t\t\t<div class=\"elementor-element elementor-element-180f56a elementor-widget elementor-widget-image\" data-id=\"180f56a\" data-element_type=\"widget\" data-e-type=\"widget\" data-widget_type=\"image.default\">\n\t\t\t\t\t\t\t\t\t\t\t\t\t\t\t<img fetchpriority=\"high\" decoding=\"async\" width=\"338\" height=\"478\" src=\"https:\/\/designg3.at\/Riegler\/wp-content\/uploads\/2026\/03\/image-2-1.jpg\" class=\"attachment-large size-large wp-image-119\" alt=\"\" srcset=\"https:\/\/designg3.at\/Riegler\/wp-content\/uploads\/2026\/03\/image-2-1.jpg 338w, https:\/\/designg3.at\/Riegler\/wp-content\/uploads\/2026\/03\/image-2-1-212x300.jpg 212w\" sizes=\"(max-width: 338px) 100vw, 338px\" \/>\t\t\t\t\t\t\t\t\t\t\t\t\t\t\t<\/div>\n\t\t\t\t\t<\/div>\n\t\t\t\t<\/div>\n\t\t<div class=\"elementor-element elementor-element-8b1657b e-flex e-con-boxed e-con e-parent\" data-id=\"8b1657b\" data-element_type=\"container\" data-e-type=\"container\">\n\t\t\t\t\t<div class=\"e-con-inner\">\n\t\t\t\t<div class=\"elementor-element elementor-element-aa68e0b elementor-widget-divider--view-line elementor-widget elementor-widget-divider\" data-id=\"aa68e0b\" data-element_type=\"widget\" data-e-type=\"widget\" data-widget_type=\"divider.default\">\n\t\t\t\t\t\t\t<div class=\"elementor-divider\">\n\t\t\t<span class=\"elementor-divider-separator\">\n\t\t\t\t\t\t<\/span>\n\t\t<\/div>\n\t\t\t\t\t\t<\/div>\n\t\t\t\t\t<\/div>\n\t\t\t\t<\/div>\n\t\t<div class=\"elementor-element elementor-element-229c81a e-flex e-con-boxed e-con e-parent\" data-id=\"229c81a\" data-element_type=\"container\" data-e-type=\"container\">\n\t\t\t\t\t<div class=\"e-con-inner\">\n\t\t\t\t<div class=\"elementor-element elementor-element-0720b2b elementor-widget elementor-widget-heading\" data-id=\"0720b2b\" data-element_type=\"widget\" data-e-type=\"widget\" data-widget_type=\"heading.default\">\n\t\t\t\t\t<h2 class=\"elementor-heading-title elementor-size-default\">UNSER FUHRPARK\n\n<\/h2>\t\t\t\t<\/div>\n\t\t\t\t\t<\/div>\n\t\t\t\t<\/div>\n\t\t<div class=\"elementor-element elementor-element-9541af0 e-flex e-con-boxed e-con e-parent\" data-id=\"9541af0\" data-element_type=\"container\" data-e-type=\"container\">\n\t\t\t\t\t<div class=\"e-con-inner\">\n\t\t\t\t<div class=\"elementor-element elementor-element-4bf21ac elementor-widget elementor-widget-image-gallery\" data-id=\"4bf21ac\" data-element_type=\"widget\" data-e-type=\"widget\" data-widget_type=\"image-gallery.default\">\n\t\t\t\t\t\t\t<div class=\"elementor-image-gallery\">\n\t\t\t<div id='gallery-1' class='gallery galleryid-33 gallery-columns-3 gallery-size-medium_large'><figure class='gallery-item'>\n\t\t\t<div class='gallery-icon landscape'>\n\t\t\t\t<a data-elementor-open-lightbox=\"yes\" data-elementor-lightbox-slideshow=\"4bf21ac\" data-elementor-lightbox-title=\"image (11)\" data-e-action-hash=\"#elementor-action%3Aaction%3Dlightbox%26settings%3DeyJpZCI6MTIwLCJ1cmwiOiJodHRwczpcL1wvZGVzaWduZzMuYXRcL1JpZWdsZXJcL3dwLWNvbnRlbnRcL3VwbG9hZHNcLzIwMjZcLzAzXC9pbWFnZS0xMS0xLmpwZyIsInNsaWRlc2hvdyI6IjRiZjIxYWMifQ%3D%3D\" href='https:\/\/designg3.at\/Riegler\/wp-content\/uploads\/2026\/03\/image-11-1.jpg'><img decoding=\"async\" width=\"768\" height=\"512\" src=\"https:\/\/designg3.at\/Riegler\/wp-content\/uploads\/2026\/03\/image-11-1-768x512.jpg\" class=\"attachment-medium_large size-medium_large\" alt=\"\" srcset=\"https:\/\/designg3.at\/Riegler\/wp-content\/uploads\/2026\/03\/image-11-1-768x512.jpg 768w, https:\/\/designg3.at\/Riegler\/wp-content\/uploads\/2026\/03\/image-11-1-300x200.jpg 300w, https:\/\/designg3.at\/Riegler\/wp-content\/uploads\/2026\/03\/image-11-1-1024x683.jpg 1024w, https:\/\/designg3.at\/Riegler\/wp-content\/uploads\/2026\/03\/image-11-1-1536x1024.jpg 1536w, https:\/\/designg3.at\/Riegler\/wp-content\/uploads\/2026\/03\/image-11-1.jpg 2048w\" sizes=\"(max-width: 768px) 100vw, 768px\" \/><\/a>\n\t\t\t<\/div><\/figure><figure class='gallery-item'>\n\t\t\t<div class='gallery-icon landscape'>\n\t\t\t\t<a data-elementor-open-lightbox=\"yes\" data-elementor-lightbox-slideshow=\"4bf21ac\" data-elementor-lightbox-title=\"image (12)\" data-e-action-hash=\"#elementor-action%3Aaction%3Dlightbox%26settings%3DeyJpZCI6MTIxLCJ1cmwiOiJodHRwczpcL1wvZGVzaWduZzMuYXRcL1JpZWdsZXJcL3dwLWNvbnRlbnRcL3VwbG9hZHNcLzIwMjZcLzAzXC9pbWFnZS0xMi5qcGciLCJzbGlkZXNob3ciOiI0YmYyMWFjIn0%3D\" href='https:\/\/designg3.at\/Riegler\/wp-content\/uploads\/2026\/03\/image-12.jpg'><img decoding=\"async\" width=\"768\" height=\"512\" src=\"https:\/\/designg3.at\/Riegler\/wp-content\/uploads\/2026\/03\/image-12-768x512.jpg\" class=\"attachment-medium_large size-medium_large\" alt=\"\" srcset=\"https:\/\/designg3.at\/Riegler\/wp-content\/uploads\/2026\/03\/image-12-768x512.jpg 768w, https:\/\/designg3.at\/Riegler\/wp-content\/uploads\/2026\/03\/image-12-300x200.jpg 300w, https:\/\/designg3.at\/Riegler\/wp-content\/uploads\/2026\/03\/image-12-1024x683.jpg 1024w, https:\/\/designg3.at\/Riegler\/wp-content\/uploads\/2026\/03\/image-12-1536x1024.jpg 1536w, https:\/\/designg3.at\/Riegler\/wp-content\/uploads\/2026\/03\/image-12.jpg 2048w\" sizes=\"(max-width: 768px) 100vw, 768px\" \/><\/a>\n\t\t\t<\/div><\/figure><figure class='gallery-item'>\n\t\t\t<div class='gallery-icon landscape'>\n\t\t\t\t<a data-elementor-open-lightbox=\"yes\" data-elementor-lightbox-slideshow=\"4bf21ac\" data-elementor-lightbox-title=\"image (16)\" data-e-action-hash=\"#elementor-action%3Aaction%3Dlightbox%26settings%3DeyJpZCI6MTIzLCJ1cmwiOiJodHRwczpcL1wvZGVzaWduZzMuYXRcL1JpZWdsZXJcL3dwLWNvbnRlbnRcL3VwbG9hZHNcLzIwMjZcLzAzXC9pbWFnZS0xNi5qcGciLCJzbGlkZXNob3ciOiI0YmYyMWFjIn0%3D\" href='https:\/\/designg3.at\/Riegler\/wp-content\/uploads\/2026\/03\/image-16.jpg'><img loading=\"lazy\" decoding=\"async\" width=\"768\" height=\"509\" src=\"https:\/\/designg3.at\/Riegler\/wp-content\/uploads\/2026\/03\/image-16-768x509.jpg\" class=\"attachment-medium_large size-medium_large\" alt=\"\" srcset=\"https:\/\/designg3.at\/Riegler\/wp-content\/uploads\/2026\/03\/image-16-768x509.jpg 768w, https:\/\/designg3.at\/Riegler\/wp-content\/uploads\/2026\/03\/image-16-300x199.jpg 300w, https:\/\/designg3.at\/Riegler\/wp-content\/uploads\/2026\/03\/image-16-1024x678.jpg 1024w, https:\/\/designg3.at\/Riegler\/wp-content\/uploads\/2026\/03\/image-16-1536x1017.jpg 1536w, https:\/\/designg3.at\/Riegler\/wp-content\/uploads\/2026\/03\/image-16.jpg 2048w\" sizes=\"(max-width: 768px) 100vw, 768px\" \/><\/a>\n\t\t\t<\/div><\/figure><figure class='gallery-item'>\n\t\t\t<div class='gallery-icon landscape'>\n\t\t\t\t<a data-elementor-open-lightbox=\"yes\" data-elementor-lightbox-slideshow=\"4bf21ac\" data-elementor-lightbox-title=\"image (17)\" data-e-action-hash=\"#elementor-action%3Aaction%3Dlightbox%26settings%3DeyJpZCI6MTI0LCJ1cmwiOiJodHRwczpcL1wvZGVzaWduZzMuYXRcL1JpZWdsZXJcL3dwLWNvbnRlbnRcL3VwbG9hZHNcLzIwMjZcLzAzXC9pbWFnZS0xNy5qcGciLCJzbGlkZXNob3ciOiI0YmYyMWFjIn0%3D\" href='https:\/\/designg3.at\/Riegler\/wp-content\/uploads\/2026\/03\/image-17.jpg'><img loading=\"lazy\" decoding=\"async\" width=\"768\" height=\"512\" src=\"https:\/\/designg3.at\/Riegler\/wp-content\/uploads\/2026\/03\/image-17-768x512.jpg\" class=\"attachment-medium_large size-medium_large\" alt=\"\" srcset=\"https:\/\/designg3.at\/Riegler\/wp-content\/uploads\/2026\/03\/image-17-768x512.jpg 768w, https:\/\/designg3.at\/Riegler\/wp-content\/uploads\/2026\/03\/image-17-300x200.jpg 300w, https:\/\/designg3.at\/Riegler\/wp-content\/uploads\/2026\/03\/image-17-1024x683.jpg 1024w, https:\/\/designg3.at\/Riegler\/wp-content\/uploads\/2026\/03\/image-17-1536x1024.jpg 1536w, https:\/\/designg3.at\/Riegler\/wp-content\/uploads\/2026\/03\/image-17.jpg 2048w\" sizes=\"(max-width: 768px) 100vw, 768px\" \/><\/a>\n\t\t\t<\/div><\/figure><figure class='gallery-item'>\n\t\t\t<div class='gallery-icon landscape'>\n\t\t\t\t<a data-elementor-open-lightbox=\"yes\" data-elementor-lightbox-slideshow=\"4bf21ac\" data-elementor-lightbox-title=\"image (4)\" data-e-action-hash=\"#elementor-action%3Aaction%3Dlightbox%26settings%3DeyJpZCI6MTI3LCJ1cmwiOiJodHRwczpcL1wvZGVzaWduZzMuYXRcL1JpZWdsZXJcL3dwLWNvbnRlbnRcL3VwbG9hZHNcLzIwMjZcLzAzXC9pbWFnZS00LTEuanBnIiwic2xpZGVzaG93IjoiNGJmMjFhYyJ9\" href='https:\/\/designg3.at\/Riegler\/wp-content\/uploads\/2026\/03\/image-4-1.jpg'><img loading=\"lazy\" decoding=\"async\" width=\"604\" height=\"400\" src=\"https:\/\/designg3.at\/Riegler\/wp-content\/uploads\/2026\/03\/image-4-1.jpg\" class=\"attachment-medium_large size-medium_large\" alt=\"\" srcset=\"https:\/\/designg3.at\/Riegler\/wp-content\/uploads\/2026\/03\/image-4-1.jpg 604w, https:\/\/designg3.at\/Riegler\/wp-content\/uploads\/2026\/03\/image-4-1-300x199.jpg 300w\" sizes=\"(max-width: 604px) 100vw, 604px\" \/><\/a>\n\t\t\t<\/div><\/figure><figure class='gallery-item'>\n\t\t\t<div class='gallery-icon landscape'>\n\t\t\t\t<a data-elementor-open-lightbox=\"yes\" data-elementor-lightbox-slideshow=\"4bf21ac\" data-elementor-lightbox-title=\"image (5)\" data-e-action-hash=\"#elementor-action%3Aaction%3Dlightbox%26settings%3DeyJpZCI6MTI4LCJ1cmwiOiJodHRwczpcL1wvZGVzaWduZzMuYXRcL1JpZWdsZXJcL3dwLWNvbnRlbnRcL3VwbG9hZHNcLzIwMjZcLzAzXC9pbWFnZS01LTIuanBnIiwic2xpZGVzaG93IjoiNGJmMjFhYyJ9\" href='https:\/\/designg3.at\/Riegler\/wp-content\/uploads\/2026\/03\/image-5-2.jpg'><img loading=\"lazy\" decoding=\"async\" width=\"599\" height=\"400\" src=\"https:\/\/designg3.at\/Riegler\/wp-content\/uploads\/2026\/03\/image-5-2.jpg\" class=\"attachment-medium_large size-medium_large\" alt=\"\" srcset=\"https:\/\/designg3.at\/Riegler\/wp-content\/uploads\/2026\/03\/image-5-2.jpg 599w, https:\/\/designg3.at\/Riegler\/wp-content\/uploads\/2026\/03\/image-5-2-300x200.jpg 300w\" sizes=\"(max-width: 599px) 100vw, 599px\" \/><\/a>\n\t\t\t<\/div><\/figure><figure class='gallery-item'>\n\t\t\t<div class='gallery-icon landscape'>\n\t\t\t\t<a data-elementor-open-lightbox=\"yes\" data-elementor-lightbox-slideshow=\"4bf21ac\" data-elementor-lightbox-title=\"image (14)\" data-e-action-hash=\"#elementor-action%3Aaction%3Dlightbox%26settings%3DeyJpZCI6MTI5LCJ1cmwiOiJodHRwczpcL1wvZGVzaWduZzMuYXRcL1JpZWdsZXJcL3dwLWNvbnRlbnRcL3VwbG9hZHNcLzIwMjZcLzAzXC9pbWFnZS0xNC0xLmpwZyIsInNsaWRlc2hvdyI6IjRiZjIxYWMifQ%3D%3D\" href='https:\/\/designg3.at\/Riegler\/wp-content\/uploads\/2026\/03\/image-14-1.jpg'><img loading=\"lazy\" decoding=\"async\" width=\"768\" height=\"512\" src=\"https:\/\/designg3.at\/Riegler\/wp-content\/uploads\/2026\/03\/image-14-1-768x512.jpg\" class=\"attachment-medium_large size-medium_large\" alt=\"\" srcset=\"https:\/\/designg3.at\/Riegler\/wp-content\/uploads\/2026\/03\/image-14-1-768x512.jpg 768w, https:\/\/designg3.at\/Riegler\/wp-content\/uploads\/2026\/03\/image-14-1-300x200.jpg 300w, https:\/\/designg3.at\/Riegler\/wp-content\/uploads\/2026\/03\/image-14-1-1024x683.jpg 1024w, https:\/\/designg3.at\/Riegler\/wp-content\/uploads\/2026\/03\/image-14-1-1536x1024.jpg 1536w, https:\/\/designg3.at\/Riegler\/wp-content\/uploads\/2026\/03\/image-14-1.jpg 2048w\" sizes=\"(max-width: 768px) 100vw, 768px\" \/><\/a>\n\t\t\t<\/div><\/figure><figure class='gallery-item'>\n\t\t\t<div class='gallery-icon landscape'>\n\t\t\t\t<a data-elementor-open-lightbox=\"yes\" data-elementor-lightbox-slideshow=\"4bf21ac\" data-elementor-lightbox-title=\"image (16)\" data-e-action-hash=\"#elementor-action%3Aaction%3Dlightbox%26settings%3DeyJpZCI6MTMzLCJ1cmwiOiJodHRwczpcL1wvZGVzaWduZzMuYXRcL1JpZWdsZXJcL3dwLWNvbnRlbnRcL3VwbG9hZHNcLzIwMjZcLzAzXC9pbWFnZS0xNi0xLmpwZyIsInNsaWRlc2hvdyI6IjRiZjIxYWMifQ%3D%3D\" href='https:\/\/designg3.at\/Riegler\/wp-content\/uploads\/2026\/03\/image-16-1.jpg'><img loading=\"lazy\" decoding=\"async\" width=\"768\" height=\"509\" src=\"https:\/\/designg3.at\/Riegler\/wp-content\/uploads\/2026\/03\/image-16-1-768x509.jpg\" class=\"attachment-medium_large size-medium_large\" alt=\"\" srcset=\"https:\/\/designg3.at\/Riegler\/wp-content\/uploads\/2026\/03\/image-16-1-768x509.jpg 768w, https:\/\/designg3.at\/Riegler\/wp-content\/uploads\/2026\/03\/image-16-1-300x199.jpg 300w, https:\/\/designg3.at\/Riegler\/wp-content\/uploads\/2026\/03\/image-16-1-1024x678.jpg 1024w, https:\/\/designg3.at\/Riegler\/wp-content\/uploads\/2026\/03\/image-16-1-1536x1017.jpg 1536w, https:\/\/designg3.at\/Riegler\/wp-content\/uploads\/2026\/03\/image-16-1.jpg 2048w\" sizes=\"(max-width: 768px) 100vw, 768px\" \/><\/a>\n\t\t\t<\/div><\/figure>\n\t\t<\/div>\n\t\t<\/div>\n\t\t\t\t\t\t<\/div>\n\t\t\t\t\t<\/div>\n\t\t\t\t<\/div>\n\t\t<div class=\"elementor-element elementor-element-fd5bdf3 e-flex e-con-boxed e-con e-parent\" data-id=\"fd5bdf3\" data-element_type=\"container\" data-e-type=\"container\">\n\t\t\t\t\t<div class=\"e-con-inner\">\n\t\t\t\t<div class=\"elementor-element elementor-element-7cb4f3b elementor-widget-divider--view-line elementor-widget elementor-widget-divider\" data-id=\"7cb4f3b\" data-element_type=\"widget\" data-e-type=\"widget\" data-widget_type=\"divider.default\">\n\t\t\t\t\t\t\t<div class=\"elementor-divider\">\n\t\t\t<span class=\"elementor-divider-separator\">\n\t\t\t\t\t\t<\/span>\n\t\t<\/div>\n\t\t\t\t\t\t<\/div>\n\t\t\t\t\t<\/div>\n\t\t\t\t<\/div>\n\t\t\t\t<\/div>\n\t\t","protected":false},"excerpt":{"rendered":"<p>Durchforstung &#8211; Lichtung &#8211; Endnutzung Unsere\u00a0Angebotspalette erstreckt sich vom Einsatz unserer Harvester in jeder Holzst\u00e4rke durch verschiedene Maschinengr\u00f6\u00dfen (6 St\u00fcck 8 Rad Harvester, 6 St\u00fcck Forwarder)\u00a0bis hin zu Arbeiten in steilen Gel\u00e4nde. Bei unwegsamen Gel\u00e4nde stehen 4 Harvester mit Traktionswinde, 3 Forwarder ebenso mit Traktionswine, sowie 2 mobile T-Winch zur Verf\u00fcgung. Zus\u00e4tzlich leisten noch 2 [&hellip;]<\/p>\n","protected":false},"author":1,"featured_media":0,"parent":0,"menu_order":0,"comment_status":"closed","ping_status":"closed","template":"elementor_header_footer","meta":{"footnotes":""},"class_list":["post-33","page","type-page","status-publish","hentry"],"_links":{"self":[{"href":"https:\/\/designg3.at\/Riegler\/wp-json\/wp\/v2\/pages\/33","targetHints":{"allow":["GET"]}}],"collection":[{"href":"https:\/\/designg3.at\/Riegler\/wp-json\/wp\/v2\/pages"}],"about":[{"href":"https:\/\/designg3.at\/Riegler\/wp-json\/wp\/v2\/types\/page"}],"author":[{"embeddable":true,"href":"https:\/\/designg3.at\/Riegler\/wp-json\/wp\/v2\/users\/1"}],"replies":[{"embeddable":true,"href":"https:\/\/designg3.at\/Riegler\/wp-json\/wp\/v2\/comments?post=33"}],"version-history":[{"count":7,"href":"https:\/\/designg3.at\/Riegler\/wp-json\/wp\/v2\/pages\/33\/revisions"}],"predecessor-version":[{"id":150,"href":"https:\/\/designg3.at\/Riegler\/wp-json\/wp\/v2\/pages\/33\/revisions\/150"}],"wp:attachment":[{"href":"https:\/\/designg3.at\/Riegler\/wp-json\/wp\/v2\/media?parent=33"}],"curies":[{"name":"wp","href":"https:\/\/api.w.org\/{rel}","templated":true}]}}