{"id":37,"date":"2026-03-10T12:07:37","date_gmt":"2026-03-10T12:07:37","guid":{"rendered":"https:\/\/designg3.at\/Riegler\/?page_id=37"},"modified":"2026-03-10T14:52:58","modified_gmt":"2026-03-10T14:52:58","slug":"waschen","status":"publish","type":"page","link":"https:\/\/designg3.at\/Riegler\/waschen\/","title":{"rendered":"Waschen"},"content":{"rendered":"\t\t<div data-elementor-type=\"wp-page\" data-elementor-id=\"37\" class=\"elementor elementor-37\" data-elementor-post-type=\"page\">\n\t\t\t\t<div class=\"elementor-element elementor-element-7dc25db e-flex e-con-boxed e-con e-parent\" data-id=\"7dc25db\" data-element_type=\"container\" data-e-type=\"container\" data-settings=\"{&quot;background_background&quot;:&quot;classic&quot;}\">\n\t\t\t\t\t<div class=\"e-con-inner\">\n\t\t\t\t\t<\/div>\n\t\t\t\t<\/div>\n\t\t<div class=\"elementor-element elementor-element-b3bdf1d e-flex e-con-boxed e-con e-parent\" data-id=\"b3bdf1d\" data-element_type=\"container\" data-e-type=\"container\">\n\t\t\t\t\t<div class=\"e-con-inner\">\n\t\t\t\t<div class=\"elementor-element elementor-element-0572587 elementor-widget elementor-widget-heading\" data-id=\"0572587\" data-element_type=\"widget\" data-e-type=\"widget\" data-widget_type=\"heading.default\">\n\t\t\t\t\t<h2 class=\"elementor-heading-title elementor-size-default\">AUTOPFLEGE MIT HERZ<\/h2>\t\t\t\t<\/div>\n\t\t\t\t\t<\/div>\n\t\t\t\t<\/div>\n\t\t<div class=\"elementor-element elementor-element-85a095d e-flex e-con-boxed e-con e-parent\" data-id=\"85a095d\" data-element_type=\"container\" data-e-type=\"container\">\n\t\t\t\t\t<div class=\"e-con-inner\">\n\t\t\t\t<div class=\"elementor-element elementor-element-41b77f0 elementor-widget-divider--view-line elementor-widget elementor-widget-divider\" data-id=\"41b77f0\" data-element_type=\"widget\" data-e-type=\"widget\" data-widget_type=\"divider.default\">\n\t\t\t\t\t\t\t<div class=\"elementor-divider\">\n\t\t\t<span class=\"elementor-divider-separator\">\n\t\t\t\t\t\t<\/span>\n\t\t<\/div>\n\t\t\t\t\t\t<\/div>\n\t\t\t\t\t<\/div>\n\t\t\t\t<\/div>\n\t\t<div class=\"elementor-element elementor-element-6db79d3 e-flex e-con-boxed e-con e-parent\" data-id=\"6db79d3\" data-element_type=\"container\" data-e-type=\"container\">\n\t\t\t\t\t<div class=\"e-con-inner\">\n\t\t\t\t<div class=\"elementor-element elementor-element-41eda66 elementor-widget elementor-widget-text-editor\" data-id=\"41eda66\" data-element_type=\"widget\" data-e-type=\"widget\" data-widget_type=\"text-editor.default\">\n\t\t\t\t\t\t\t\t\t<h2><span style=\"color: #a34c19;\">5 WASCHPROGRAMME STEHEN ZUR AUSWAHL<\/span><\/h2><p>Die Waschanlage, mit sanften Waschb\u00fcrsten ausgestattet, reinigt Ihren Wagen gr\u00fcndlich von Schmutz und Steinchen, schont dabei den Lack und sorgt f\u00fcr strahlenden Glanz. Mit speziellen Pflegemitteln erh\u00e4lt Ihr Auto eine gr\u00fcndliche Pflege, die nicht nur \u00e4u\u00dferlich wirkt.<\/p><div class=\"text-image__text\"><h2><span style=\"color: #a34c19;\">AUTOPFLEGE<\/span><\/h2><p>F\u00fcr die einen muss es vor allem schnell gehen, andere wollen besonders hartn\u00e4ckigen Schmutz entfernen. Unsere Waschprogramme \u00fcberzeugen mit moderner Technologie und bieten Ihnen die W\u00e4sche, die Ihr Fahrzeug ben\u00f6tigt, intensiv und dennoch schonend. Und das ganzj\u00e4hrig, an hei\u00dfen Sommertagen wie auch bei Frost und Schnee, aber immer mit viel Liebe zum Detail.<\/p><p>Freuen Sie sich auf die gl\u00e4nzenden Ergebnisse. Denn nur die regelm\u00e4\u00dfige Reinigung mit hochwertigen Wasch- und Pflegeprogrammen sorgt f\u00fcr den Werterhalt Ihres Fahrzeuges.<\/p><\/div>\t\t\t\t\t\t\t\t<\/div>\n\t\t\t\t\t<\/div>\n\t\t\t\t<\/div>\n\t\t<div class=\"elementor-element elementor-element-8f5a950 e-flex e-con-boxed e-con e-parent\" data-id=\"8f5a950\" data-element_type=\"container\" data-e-type=\"container\">\n\t\t\t\t\t<div class=\"e-con-inner\">\n\t\t\t\t<div class=\"elementor-element elementor-element-94f212b elementor-widget-divider--view-line elementor-widget elementor-widget-divider\" data-id=\"94f212b\" data-element_type=\"widget\" data-e-type=\"widget\" data-widget_type=\"divider.default\">\n\t\t\t\t\t\t\t<div class=\"elementor-divider\">\n\t\t\t<span class=\"elementor-divider-separator\">\n\t\t\t\t\t\t<\/span>\n\t\t<\/div>\n\t\t\t\t\t\t<\/div>\n\t\t\t\t\t<\/div>\n\t\t\t\t<\/div>\n\t\t<div class=\"elementor-element elementor-element-0107ee4 e-flex e-con-boxed e-con e-parent\" data-id=\"0107ee4\" data-element_type=\"container\" data-e-type=\"container\">\n\t\t\t\t\t<div class=\"e-con-inner\">\n\t\t<div class=\"elementor-element elementor-element-41d0d56 e-con-full e-flex e-con e-child\" data-id=\"41d0d56\" data-element_type=\"container\" data-e-type=\"container\">\n\t\t\t\t<div class=\"elementor-element elementor-element-079c1a5 elementor-widget elementor-widget-text-editor\" data-id=\"079c1a5\" data-element_type=\"widget\" data-e-type=\"widget\" data-widget_type=\"text-editor.default\">\n\t\t\t\t\t\t\t\t\t<ul><li>PKW-LKW Waschplatz<\/li><li>PKW-Waschbox<\/li><li>SB-PKW Lanzenw\u00e4sche<\/li><li>SB-Staubsaugeranlage<\/li><\/ul>\t\t\t\t\t\t\t\t<\/div>\n\t\t\t\t<\/div>\n\t\t<div class=\"elementor-element elementor-element-74f2d96 e-con-full e-flex e-con e-child\" data-id=\"74f2d96\" data-element_type=\"container\" data-e-type=\"container\">\n\t\t\t\t<div class=\"elementor-element elementor-element-6c9788d elementor-widget elementor-widget-text-editor\" data-id=\"6c9788d\" data-element_type=\"widget\" data-e-type=\"widget\" data-widget_type=\"text-editor.default\">\n\t\t\t\t\t\t\t\t\t<div class=\"cc-m-hgrid-column last\"><div id=\"cc-matrix-2170378875\"><div id=\"cc-m-8369326075\" class=\"j-module n j-text \"><p><span style=\"color: #a34c19;\"><strong>10 % <\/strong><strong>sparen mit Ihrem Schl\u00fcssel beim Autowaschen!<\/strong><\/span><\/p><p>Erh\u00e4ltlich bei der Waschanlage &#8211; im Automatoder direkt bei der Firma Riegler Holzschl\u00e4gerungen GmbH.<\/p><\/div><\/div><\/div><div class=\"cc-m-hgrid-overlay\" data-display=\"cms-only\">\u00a0<\/div>\t\t\t\t\t\t\t\t<\/div>\n\t\t\t\t<\/div>\n\t\t\t\t\t<\/div>\n\t\t\t\t<\/div>\n\t\t<div class=\"elementor-element elementor-element-32bb4ca e-flex e-con-boxed e-con e-parent\" data-id=\"32bb4ca\" data-element_type=\"container\" data-e-type=\"container\">\n\t\t\t\t\t<div class=\"e-con-inner\">\n\t\t\t\t<div class=\"elementor-element elementor-element-14b2814 elementor-widget-divider--view-line elementor-widget elementor-widget-divider\" data-id=\"14b2814\" data-element_type=\"widget\" data-e-type=\"widget\" data-widget_type=\"divider.default\">\n\t\t\t\t\t\t\t<div class=\"elementor-divider\">\n\t\t\t<span class=\"elementor-divider-separator\">\n\t\t\t\t\t\t<\/span>\n\t\t<\/div>\n\t\t\t\t\t\t<\/div>\n\t\t\t\t\t<\/div>\n\t\t\t\t<\/div>\n\t\t<div class=\"elementor-element elementor-element-529fb8d e-flex e-con-boxed e-con e-parent\" data-id=\"529fb8d\" data-element_type=\"container\" data-e-type=\"container\">\n\t\t\t\t\t<div class=\"e-con-inner\">\n\t\t<div class=\"elementor-element elementor-element-8e73b11 e-con-full e-flex e-con e-child\" data-id=\"8e73b11\" data-element_type=\"container\" data-e-type=\"container\">\n\t\t\t\t<div class=\"elementor-element elementor-element-f1dec41 elementor-widget__width-initial elementor-widget elementor-widget-image\" data-id=\"f1dec41\" data-element_type=\"widget\" data-e-type=\"widget\" data-widget_type=\"image.default\">\n\t\t\t\t\t\t\t\t\t\t\t\t\t\t\t<img decoding=\"async\" width=\"112\" height=\"112\" src=\"https:\/\/designg3.at\/Riegler\/wp-content\/uploads\/2026\/03\/image-4-1.png\" class=\"attachment-large size-large wp-image-152\" alt=\"\" \/>\t\t\t\t\t\t\t\t\t\t\t\t\t\t\t<\/div>\n\t\t\t\t<\/div>\n\t\t<div class=\"elementor-element elementor-element-8ccf898 e-con-full e-flex e-con e-child\" data-id=\"8ccf898\" data-element_type=\"container\" data-e-type=\"container\">\n\t\t\t\t<div class=\"elementor-element elementor-element-1d35349 elementor-widget elementor-widget-heading\" data-id=\"1d35349\" data-element_type=\"widget\" data-e-type=\"widget\" data-widget_type=\"heading.default\">\n\t\t\t\t\t<h2 class=\"elementor-heading-title elementor-size-default\">HOTLINE BEI ST\u00d6RUNG:  0664 45 37 513\n\n<\/h2>\t\t\t\t<\/div>\n\t\t\t\t<\/div>\n\t\t\t\t\t<\/div>\n\t\t\t\t<\/div>\n\t\t<div class=\"elementor-element elementor-element-ab8ed18 e-flex e-con-boxed e-con e-parent\" data-id=\"ab8ed18\" data-element_type=\"container\" data-e-type=\"container\">\n\t\t\t\t\t<div class=\"e-con-inner\">\n\t\t\t\t<div class=\"elementor-element elementor-element-78ef046 elementor-widget-divider--view-line elementor-widget elementor-widget-divider\" data-id=\"78ef046\" data-element_type=\"widget\" data-e-type=\"widget\" data-widget_type=\"divider.default\">\n\t\t\t\t\t\t\t<div class=\"elementor-divider\">\n\t\t\t<span class=\"elementor-divider-separator\">\n\t\t\t\t\t\t<\/span>\n\t\t<\/div>\n\t\t\t\t\t\t<\/div>\n\t\t\t\t\t<\/div>\n\t\t\t\t<\/div>\n\t\t<div class=\"elementor-element elementor-element-047500f e-flex e-con-boxed e-con e-parent\" data-id=\"047500f\" data-element_type=\"container\" data-e-type=\"container\">\n\t\t\t\t\t<div class=\"e-con-inner\">\n\t\t\t\t<div class=\"elementor-element elementor-element-a599518 elementor-widget elementor-widget-image\" data-id=\"a599518\" data-element_type=\"widget\" data-e-type=\"widget\" data-widget_type=\"image.default\">\n\t\t\t\t\t\t\t\t\t\t\t\t<figure class=\"wp-caption\">\n\t\t\t\t\t\t\t\t\t\t<img fetchpriority=\"high\" decoding=\"async\" width=\"800\" height=\"334\" src=\"https:\/\/designg3.at\/Riegler\/wp-content\/uploads\/2026\/03\/image-2-2.jpg\" class=\"attachment-large size-large wp-image-143\" alt=\"\" srcset=\"https:\/\/designg3.at\/Riegler\/wp-content\/uploads\/2026\/03\/image-2-2.jpg 990w, https:\/\/designg3.at\/Riegler\/wp-content\/uploads\/2026\/03\/image-2-2-300x125.jpg 300w, https:\/\/designg3.at\/Riegler\/wp-content\/uploads\/2026\/03\/image-2-2-768x320.jpg 768w\" sizes=\"(max-width: 800px) 100vw, 800px\" \/>\t\t\t\t\t\t\t\t\t\t\t<figcaption class=\"widget-image-caption wp-caption-text\">Tankstelle und Waschanlage<\/figcaption>\n\t\t\t\t\t\t\t\t\t\t<\/figure>\n\t\t\t\t\t\t\t\t\t<\/div>\n\t\t\t\t\t<\/div>\n\t\t\t\t<\/div>\n\t\t<div class=\"elementor-element elementor-element-7eb32d8 e-flex e-con-boxed e-con e-parent\" data-id=\"7eb32d8\" data-element_type=\"container\" data-e-type=\"container\">\n\t\t\t\t\t<div class=\"e-con-inner\">\n\t\t<div class=\"elementor-element elementor-element-ec6d991 e-con-full e-flex e-con e-child\" data-id=\"ec6d991\" data-element_type=\"container\" data-e-type=\"container\">\n\t\t\t\t<div class=\"elementor-element elementor-element-8fa981e elementor-widget elementor-widget-image\" data-id=\"8fa981e\" data-element_type=\"widget\" data-e-type=\"widget\" data-widget_type=\"image.default\">\n\t\t\t\t\t\t\t\t\t\t\t\t<figure class=\"wp-caption\">\n\t\t\t\t\t\t\t\t\t\t<img decoding=\"async\" width=\"500\" height=\"400\" src=\"https:\/\/designg3.at\/Riegler\/wp-content\/uploads\/2026\/03\/image-11-2.jpg\" class=\"attachment-large size-large wp-image-153\" alt=\"\" srcset=\"https:\/\/designg3.at\/Riegler\/wp-content\/uploads\/2026\/03\/image-11-2.jpg 500w, https:\/\/designg3.at\/Riegler\/wp-content\/uploads\/2026\/03\/image-11-2-300x240.jpg 300w\" sizes=\"(max-width: 500px) 100vw, 500px\" \/>\t\t\t\t\t\t\t\t\t\t\t<figcaption class=\"widget-image-caption wp-caption-text\">PKW - Waschbox<\/figcaption>\n\t\t\t\t\t\t\t\t\t\t<\/figure>\n\t\t\t\t\t\t\t\t\t<\/div>\n\t\t\t\t<\/div>\n\t\t<div class=\"elementor-element elementor-element-8096081 e-con-full e-flex e-con e-child\" data-id=\"8096081\" data-element_type=\"container\" data-e-type=\"container\">\n\t\t\t\t<div class=\"elementor-element elementor-element-fa9cd62 elementor-widget elementor-widget-image\" data-id=\"fa9cd62\" data-element_type=\"widget\" data-e-type=\"widget\" data-widget_type=\"image.default\">\n\t\t\t\t\t\t\t\t\t\t\t\t<figure class=\"wp-caption\">\n\t\t\t\t\t\t\t\t\t\t<img loading=\"lazy\" decoding=\"async\" width=\"500\" height=\"400\" src=\"https:\/\/designg3.at\/Riegler\/wp-content\/uploads\/2026\/03\/image-13.jpg\" class=\"attachment-large size-large wp-image-155\" alt=\"\" srcset=\"https:\/\/designg3.at\/Riegler\/wp-content\/uploads\/2026\/03\/image-13.jpg 500w, https:\/\/designg3.at\/Riegler\/wp-content\/uploads\/2026\/03\/image-13-300x240.jpg 300w\" sizes=\"(max-width: 500px) 100vw, 500px\" \/>\t\t\t\t\t\t\t\t\t\t\t<figcaption class=\"widget-image-caption wp-caption-text\">SB-Staubsaugeranlage<\/figcaption>\n\t\t\t\t\t\t\t\t\t\t<\/figure>\n\t\t\t\t\t\t\t\t\t<\/div>\n\t\t\t\t<\/div>\n\t\t\t\t\t<\/div>\n\t\t\t\t<\/div>\n\t\t<div class=\"elementor-element elementor-element-66b49e2 e-flex e-con-boxed e-con e-parent\" data-id=\"66b49e2\" data-element_type=\"container\" data-e-type=\"container\">\n\t\t\t\t\t<div class=\"e-con-inner\">\n\t\t\t\t<div class=\"elementor-element elementor-element-fc27a91 elementor-widget-divider--view-line elementor-widget elementor-widget-divider\" data-id=\"fc27a91\" data-element_type=\"widget\" data-e-type=\"widget\" data-widget_type=\"divider.default\">\n\t\t\t\t\t\t\t<div class=\"elementor-divider\">\n\t\t\t<span class=\"elementor-divider-separator\">\n\t\t\t\t\t\t<\/span>\n\t\t<\/div>\n\t\t\t\t\t\t<\/div>\n\t\t\t\t\t<\/div>\n\t\t\t\t<\/div>\n\t\t<div class=\"elementor-element elementor-element-96ac04d e-flex e-con-boxed e-con e-parent\" data-id=\"96ac04d\" data-element_type=\"container\" data-e-type=\"container\">\n\t\t\t\t\t<div class=\"e-con-inner\">\n\t\t\t\t<div class=\"elementor-element elementor-element-d876c67 elementor-widget elementor-widget-image\" data-id=\"d876c67\" data-element_type=\"widget\" data-e-type=\"widget\" data-widget_type=\"image.default\">\n\t\t\t\t\t\t\t\t\t\t\t\t\t\t\t<img loading=\"lazy\" decoding=\"async\" width=\"800\" height=\"107\" src=\"https:\/\/designg3.at\/Riegler\/wp-content\/uploads\/2026\/03\/image-3-1.jpg\" class=\"attachment-large size-large wp-image-144\" alt=\"\" srcset=\"https:\/\/designg3.at\/Riegler\/wp-content\/uploads\/2026\/03\/image-3-1.jpg 990w, https:\/\/designg3.at\/Riegler\/wp-content\/uploads\/2026\/03\/image-3-1-300x40.jpg 300w, https:\/\/designg3.at\/Riegler\/wp-content\/uploads\/2026\/03\/image-3-1-768x102.jpg 768w\" sizes=\"(max-width: 800px) 100vw, 800px\" \/>\t\t\t\t\t\t\t\t\t\t\t\t\t\t\t<\/div>\n\t\t\t\t\t<\/div>\n\t\t\t\t<\/div>\n\t\t<div class=\"elementor-element elementor-element-6a4f3b1 e-flex e-con-boxed e-con e-parent\" data-id=\"6a4f3b1\" data-element_type=\"container\" data-e-type=\"container\">\n\t\t\t\t\t<div class=\"e-con-inner\">\n\t\t\t\t<div class=\"elementor-element elementor-element-507b30c elementor-widget-divider--view-line elementor-widget elementor-widget-divider\" data-id=\"507b30c\" data-element_type=\"widget\" data-e-type=\"widget\" data-widget_type=\"divider.default\">\n\t\t\t\t\t\t\t<div class=\"elementor-divider\">\n\t\t\t<span class=\"elementor-divider-separator\">\n\t\t\t\t\t\t<\/span>\n\t\t<\/div>\n\t\t\t\t\t\t<\/div>\n\t\t\t\t<div class=\"elementor-element elementor-element-e65c557 elementor-widget elementor-widget-text-editor\" data-id=\"e65c557\" data-element_type=\"widget\" data-e-type=\"widget\" data-widget_type=\"text-editor.default\">\n\t\t\t\t\t\t\t\t\t<p>Frische regionale Produkte direkt vom Erzeuger k\u00f6nnen Sie ebenfalls beim Tanken oder Autowaschen mitnehmen! Ein Automat steht Ihnen zur Verf\u00fcgung!<\/p>\t\t\t\t\t\t\t\t<\/div>\n\t\t\t\t\t<\/div>\n\t\t\t\t<\/div>\n\t\t<div class=\"elementor-element elementor-element-a343091 e-flex e-con-boxed e-con e-parent\" data-id=\"a343091\" data-element_type=\"container\" data-e-type=\"container\">\n\t\t\t\t\t<div class=\"e-con-inner\">\n\t\t\t\t<div class=\"elementor-element elementor-element-5408dca elementor-widget-divider--view-line elementor-widget elementor-widget-divider\" data-id=\"5408dca\" data-element_type=\"widget\" data-e-type=\"widget\" data-widget_type=\"divider.default\">\n\t\t\t\t\t\t\t<div class=\"elementor-divider\">\n\t\t\t<span class=\"elementor-divider-separator\">\n\t\t\t\t\t\t<\/span>\n\t\t<\/div>\n\t\t\t\t\t\t<\/div>\n\t\t\t\t\t<\/div>\n\t\t\t\t<\/div>\n\t\t\t\t<\/div>\n\t\t","protected":false},"excerpt":{"rendered":"<p>AUTOPFLEGE MIT HERZ 5 WASCHPROGRAMME STEHEN ZUR AUSWAHL Die Waschanlage, mit sanften Waschb\u00fcrsten ausgestattet, reinigt Ihren Wagen gr\u00fcndlich von Schmutz und Steinchen, schont dabei den Lack und sorgt f\u00fcr strahlenden Glanz. Mit speziellen Pflegemitteln erh\u00e4lt Ihr Auto eine gr\u00fcndliche Pflege, die nicht nur \u00e4u\u00dferlich wirkt. AUTOPFLEGE F\u00fcr die einen muss es vor allem schnell gehen, [&hellip;]<\/p>\n","protected":false},"author":1,"featured_media":0,"parent":0,"menu_order":0,"comment_status":"closed","ping_status":"closed","template":"elementor_header_footer","meta":{"footnotes":""},"class_list":["post-37","page","type-page","status-publish","hentry"],"_links":{"self":[{"href":"https:\/\/designg3.at\/Riegler\/wp-json\/wp\/v2\/pages\/37","targetHints":{"allow":["GET"]}}],"collection":[{"href":"https:\/\/designg3.at\/Riegler\/wp-json\/wp\/v2\/pages"}],"about":[{"href":"https:\/\/designg3.at\/Riegler\/wp-json\/wp\/v2\/types\/page"}],"author":[{"embeddable":true,"href":"https:\/\/designg3.at\/Riegler\/wp-json\/wp\/v2\/users\/1"}],"replies":[{"embeddable":true,"href":"https:\/\/designg3.at\/Riegler\/wp-json\/wp\/v2\/comments?post=37"}],"version-history":[{"count":4,"href":"https:\/\/designg3.at\/Riegler\/wp-json\/wp\/v2\/pages\/37\/revisions"}],"predecessor-version":[{"id":158,"href":"https:\/\/designg3.at\/Riegler\/wp-json\/wp\/v2\/pages\/37\/revisions\/158"}],"wp:attachment":[{"href":"https:\/\/designg3.at\/Riegler\/wp-json\/wp\/v2\/media?parent=37"}],"curies":[{"name":"wp","href":"https:\/\/api.w.org\/{rel}","templated":true}]}}